{"id":140,"date":"2023-02-23T11:06:52","date_gmt":"2023-02-23T11:06:52","guid":{"rendered":"https:\/\/afagarbipereverges.com\/?page_id=140"},"modified":"2023-02-23T11:06:53","modified_gmt":"2023-02-23T11:06:53","slug":"politica-de-cookies-a-traves-daquesta-web-no-esdemanen-dades-de-caracter-personal-dels-usuarissense-el-seu-coneixement-ni-se-cedeixen-a-tercers-unicament-es-fan-servir-les-cookies-necessaries-perf","status":"publish","type":"page","link":"https:\/\/afagarbipereverges.com\/?page_id=140","title":{"rendered":"Pol\u00edtica de cookies: a trav\u00e9s d&#8217;aquesta web no es<br>demanen dades de car\u00e0cter personal dels usuaris<br>sense el seu coneixement, ni se cedeixen a tercers.<br>\u00danicament es fan servir les cookies necess\u00e0ries per<br>facilitar i millorar l\u2019\u00fas i la navegaci\u00f3 a trav\u00e9s de la p\u00e0gina<br>web."},"content":{"rendered":"","protected":false},"excerpt":{"rendered":"","protected":false},"author":1,"featured_media":0,"parent":0,"menu_order":0,"comment_status":"closed","ping_status":"closed","template":"","meta":{"footnotes":""},"class_list":["post-140","page","type-page","status-publish","hentry"],"_links":{"self":[{"href":"https:\/\/afagarbipereverges.com\/index.php?rest_route=\/wp\/v2\/pages\/140","targetHints":{"allow":["GET"]}}],"collection":[{"href":"https:\/\/afagarbipereverges.com\/index.php?rest_route=\/wp\/v2\/pages"}],"about":[{"href":"https:\/\/afagarbipereverges.com\/index.php?rest_route=\/wp\/v2\/types\/page"}],"author":[{"embeddable":true,"href":"https:\/\/afagarbipereverges.com\/index.php?rest_route=\/wp\/v2\/users\/1"}],"replies":[{"embeddable":true,"href":"https:\/\/afagarbipereverges.com\/index.php?rest_route=%2Fwp%2Fv2%2Fcomments&post=140"}],"version-history":[{"count":1,"href":"https:\/\/afagarbipereverges.com\/index.php?rest_route=\/wp\/v2\/pages\/140\/revisions"}],"predecessor-version":[{"id":141,"href":"https:\/\/afagarbipereverges.com\/index.php?rest_route=\/wp\/v2\/pages\/140\/revisions\/141"}],"wp:attachment":[{"href":"https:\/\/afagarbipereverges.com\/index.php?rest_route=%2Fwp%2Fv2%2Fmedia&parent=140"}],"curies":[{"name":"wp","href":"https:\/\/api.w.org\/{rel}","templated":true}]}}