{"id":144,"date":"2023-02-23T11:10:20","date_gmt":"2023-02-23T11:10:20","guid":{"rendered":"https:\/\/afagarbipereverges.com\/?page_id=144"},"modified":"2023-03-23T12:20:07","modified_gmt":"2023-03-23T12:20:07","slug":"contacte","status":"publish","type":"page","link":"https:\/\/afagarbipereverges.com\/?page_id=144","title":{"rendered":"Contacte"},"content":{"rendered":"<div class=\"wp-block-image\">\n<figure class=\"aligncenter size-large is-resized\"><img loading=\"lazy\" decoding=\"async\" src=\"https:\/\/afagarbipereverges.com\/wp-content\/uploads\/2023\/02\/banderes_alta-resolucio-1024x683.jpg\" alt=\"\" class=\"wp-image-157\" width=\"548\" height=\"365\" srcset=\"https:\/\/afagarbipereverges.com\/wp-content\/uploads\/2023\/02\/banderes_alta-resolucio-1024x683.jpg 1024w, https:\/\/afagarbipereverges.com\/wp-content\/uploads\/2023\/02\/banderes_alta-resolucio-300x200.jpg 300w, https:\/\/afagarbipereverges.com\/wp-content\/uploads\/2023\/02\/banderes_alta-resolucio-768x512.jpg 768w, https:\/\/afagarbipereverges.com\/wp-content\/uploads\/2023\/02\/banderes_alta-resolucio-1536x1024.jpg 1536w, https:\/\/afagarbipereverges.com\/wp-content\/uploads\/2023\/02\/banderes_alta-resolucio-2048x1365.jpg 2048w\" sizes=\"auto, (max-width: 548px) 100vw, 548px\" \/><\/figure>\n<\/div>\n\n\n<p><strong>T\u2019escoltem. Tots Sumem<\/strong><\/p>\n\n\n\n<p>Podeu contactar amb l\u2019AFA enviant un correu electr\u00f2nic a la seg\u00fcent adre\u00e7a <a href=\"mailto:hola@afapereverges.com\">hola@afapereverges.com<\/a> o complimentar el seg\u00fcent formulari i nosaltres ens posarem en contacte amb tu.<\/p>\n\n\n\n<div class=\"wp-block-contact-form-7-contact-form-selector\"><p class=\"wpcf7-contact-form-not-found\"><strong>Error:<\/strong> Contact form not found.<\/p><\/div>\n\n\n\n<p><strong>Pol\u00edtica de cookies:<\/strong> a trav\u00e9s d&#8217;aquesta web no es demanen dades de car\u00e0cter personal dels usuaris sense el seu coneixement, ni se cedeixen a tercers. \u00danicament es fan servir les cookies necess\u00e0ries per facilitar i millorar l\u2019\u00fas i la navegaci\u00f3 a trav\u00e9s de la p\u00e0gina web.<\/p>\n\n\n\n<p><\/p>\n\n\n\n<p><\/p>\n","protected":false},"excerpt":{"rendered":"<p>T\u2019escoltem. Tots Sumem Podeu contactar amb l\u2019AFA enviant un correu electr\u00f2nic a la seg\u00fcent adre\u00e7a hola@afapereverges.com o complimentar el seg\u00fcent formulari i nosaltres ens posarem&hellip;<\/p>\n","protected":false},"author":1,"featured_media":0,"parent":0,"menu_order":0,"comment_status":"closed","ping_status":"closed","template":"","meta":{"footnotes":""},"class_list":["post-144","page","type-page","status-publish","hentry"],"_links":{"self":[{"href":"https:\/\/afagarbipereverges.com\/index.php?rest_route=\/wp\/v2\/pages\/144","targetHints":{"allow":["GET"]}}],"collection":[{"href":"https:\/\/afagarbipereverges.com\/index.php?rest_route=\/wp\/v2\/pages"}],"about":[{"href":"https:\/\/afagarbipereverges.com\/index.php?rest_route=\/wp\/v2\/types\/page"}],"author":[{"embeddable":true,"href":"https:\/\/afagarbipereverges.com\/index.php?rest_route=\/wp\/v2\/users\/1"}],"replies":[{"embeddable":true,"href":"https:\/\/afagarbipereverges.com\/index.php?rest_route=%2Fwp%2Fv2%2Fcomments&post=144"}],"version-history":[{"count":8,"href":"https:\/\/afagarbipereverges.com\/index.php?rest_route=\/wp\/v2\/pages\/144\/revisions"}],"predecessor-version":[{"id":169,"href":"https:\/\/afagarbipereverges.com\/index.php?rest_route=\/wp\/v2\/pages\/144\/revisions\/169"}],"wp:attachment":[{"href":"https:\/\/afagarbipereverges.com\/index.php?rest_route=%2Fwp%2Fv2%2Fmedia&parent=144"}],"curies":[{"name":"wp","href":"https:\/\/api.w.org\/{rel}","templated":true}]}}