{"id":41,"date":"2022-09-30T05:45:26","date_gmt":"2022-09-30T05:45:26","guid":{"rendered":"https:\/\/afagarbipereverges.com\/?page_id=41"},"modified":"2023-02-27T11:02:40","modified_gmt":"2023-02-27T11:02:40","slug":"presentacio","status":"publish","type":"page","link":"https:\/\/afagarbipereverges.com\/","title":{"rendered":""},"content":{"rendered":"\n<p class=\"has-text-align-center\"><img loading=\"lazy\" decoding=\"async\" width=\"500\" height=\"281\" class=\"wp-image-87\" style=\"width: 500px;\" src=\"https:\/\/afagarbipereverges.com\/wp-content\/uploads\/2023\/02\/webfaaana.jpg\" alt=\"\" srcset=\"https:\/\/afagarbipereverges.com\/wp-content\/uploads\/2023\/02\/webfaaana.jpg 400w, https:\/\/afagarbipereverges.com\/wp-content\/uploads\/2023\/02\/webfaaana-300x169.jpg 300w\" sizes=\"auto, (max-width: 500px) 100vw, 500px\" \/><\/p>\n\n\n\n<hr>\n\n\n\n<p class=\"has-text-align-right\"><strong>27\/02\/2023<\/strong><\/p>\n\n\n\n<p class=\"has-medium-font-size\"><strong>ASSEMBLEA ORDINARIA SOCIS AFA CURS 22\/23<\/strong><\/p>\n\n\n\n<p>El <strong>dilluns 27 de Febrer a les 16:45<\/strong> en primera convocat\u00f2ria i <strong>17:00<\/strong> en segona convocat\u00f2ria,<br>tindr\u00e0 lloc l\u2019<strong>AssembleaGeneral Ordin\u00e0ria del curs 2022-23.<\/strong><br>El lloc per celebrar l&#8217;assemblea ser\u00e0 l\u2019\u00c0gora de l\u2019Escola, amb el seg\u00fcent <strong>ORDRE DEL DIA<\/strong>:<br><\/p>\n\n\n\n<p>1.- Presentaci\u00f3 de la composici\u00f3 i c\u00e0rrecs de la Junta.<\/p>\n\n\n\n<p>2.-Admissi\u00f3 de nous membres.<\/p>\n\n\n\n<p>3.- Presentaci\u00f3 i aprovaci\u00f3 de l\u2019estat de comptes.<\/p>\n\n\n\n<p>4.-Activitats organitzades per l\u2019AFA curs 2022-2023.<\/p>\n\n\n\n<p>5.- Exposici\u00f3 d\u2019objectius.<\/p>\n\n\n\n<p>6.-Torn obert de paraules.<\/p>\n\n\n\n<p>L&#8217;assist\u00e8ncia \u00e9s molt important i recomanable per a informar-se de la gesti\u00f3 de l&#8217;Associaci\u00f3 i de<br>l&#8217;\u00fas que se li d\u00f3na a les quotes dels associats. Us esperem!<\/p>\n\n\n\n<p><br><em>Junta Directiva AFA Garb\u00ed Pere Verg\u00e9s<\/em><\/p>\n\n\n\n<hr>\n\n\n\n<p class=\"has-text-align-right\"><strong>23\/02\/2023<\/strong><\/p>\n\n\n\n<p class=\"has-medium-font-size\"><strong><strong><strong>C\u00edcle de quatre converses FEM ESCOLA \u2013 FEM FAM\u00cdLIA<\/strong>: <\/strong><\/strong><\/p>\n\n\n\n<p class=\"has-medium-font-size\"><strong>Tercera sessi\u00f3. Dia 1 de mar\u00e7 de 18.15h -19.45h<\/strong><\/p>\n\n\n\n<p><br><strong>FEM EQUIP ESCOLA I FAM\u00cdLIA<\/strong><br>Ponents: <strong>David Bueno i Joana Ferrer<\/strong><br>La formaci\u00f3 de les persones t\u00e9 molt a veure amb quins han estat els seus equips<br>professionals, dins i fora de l&#8217;escola.<br>Per aix\u00f2 proposem abordar la q\u00fcesti\u00f3 cient\u00edfica pedag\u00f2gica sobre els fonaments dels<br>equips s\u00f2lids, constru\u00efts des de la confian\u00e7a, la coordinaci\u00f3, I l&#8217;avaluaci\u00f3 que<br>afavoreixin l&#8217;\u00e8xit en les actuacions. Treball en equip d&#8217;escola i treball d&#8217;equip entre<br>escola, fam\u00edlia i comunitat educativa per contribuir a l&#8217;\u00e8xit del conjunt de les<br>actuacions.<\/p>\n\n\n\n<p class=\"has-medium-font-size\"><strong><strong><strong>C\u00edcle de quatre converses FEM ESCOLA \u2013 FEM FAM\u00cdLIA<\/strong>: <\/strong><\/strong><\/p>\n\n\n\n<p class=\"has-medium-font-size\"><strong>Quarta sessi\u00f3. Dia 15 de mar\u00e7 de 18.15h-19.45h<\/strong><\/p>\n\n\n\n<p><br><strong>COM COMUNIQUEM PER ACOMPANYAR<\/strong><br>Ponents: <strong>David Bueno i Joana Ferrer<\/strong><br>Una comunicaci\u00f3 flu\u00efda contribueix a l&#8217;acompanyament i a la projecci\u00f3, de l&#8217;infant i el<br>jove<br>Per aix\u00f2 la proposta \u00e9s compartir la comunicaci\u00f3 com a valor, i com a repte a construir<br>per afavorir una formaci\u00f3 integral que sigui constru\u00efda des d&#8217;una mirada a quatre<br>bandes, personal, social, acad\u00e8mica i professional.<\/p>\n\n\n\n<div class=\"wp-block-columns is-layout-flex wp-container-core-columns-is-layout-9d6595d7 wp-block-columns-is-layout-flex\">\n<div class=\"wp-block-column is-layout-flow wp-block-column-is-layout-flow\" style=\"flex-basis:100%\">\n<hr>\n\n\n\n<p class=\"has-text-align-right\"><strong>01\/02\/2023<\/strong><\/p>\n\n\n\n<p class=\"has-medium-font-size\"><strong><strong>C\u00edcle de quatre converses FEM ESCOLA \u2013 FEM FAM\u00cdLIA<\/strong>: <\/strong><\/p>\n\n\n\n<p class=\"has-medium-font-size\"><strong>Segona sessi\u00f3. Dia 15 de febrer de 18.15h -19.45h<\/strong><\/p>\n\n\n\n<p><br><strong>COM S\u2019APR\u00c8N I COM APRENEM<\/strong><br>Ponents: <strong>David Bueno i Joana Ferrer<\/strong><br>L&#8217;escola \u00e9s sempre una gran oportunitat per a l&#8217;aprenentatge.<br>Per\u00f2 l&#8217;aprenentatge a vegades es resisteix, altres no flueix i a voltes no hi ha les<br>condicions que l&#8217;afavoreixen.<br>Compartirem qu\u00e8 sabem avui, des de la pedagogia, la psicopedagogia i la investigaci\u00f3<br>neurocient\u00edfica, sobre COM S&#8217;APR\u00c8N, sobre COM APRENEM. Abordarem 3<br>interrogants:<br>&#8211; Com es van adquirint les capacitats, les destreses, les actituds i els valors que<br>configuren una ciutadania s\u00f2lida del present, i del dem\u00e0 .<br>&#8211; Quines s\u00f3n les claus de l&#8217;aprenentatge i com podem fer-hi atenci\u00f3 i fer-nos<br>confian\u00e7a des d&#8217;aquests principis avalats per les ci\u00e8ncies de l&#8217;educaci\u00f3?<br>&#8211; En quina mesura, la fam\u00edlia, contribueix a enfortir i fer possible la capacitat<br>d&#8217;aprendre?<\/p>\n\n\n\n<hr>\n\n\n\n<div class=\"wp-block-columns is-layout-flex wp-container-core-columns-is-layout-9d6595d7 wp-block-columns-is-layout-flex\">\n<div class=\"wp-block-column is-layout-flow wp-block-column-is-layout-flow\" style=\"flex-basis:50%\">\n<p class=\"has-medium-font-size\"><strong>CICLE DE QUATRE CONVERSES FEM ESCOLA \u2013 FEM FAM\u00cdLIA<\/strong><\/p>\n<\/div>\n\n\n\n<div class=\"wp-block-column is-layout-flow wp-block-column-is-layout-flow\" style=\"flex-basis:50%\">\n<p class=\"has-text-align-right\"><strong>22\/11\/2022<\/strong><\/p>\n<\/div>\n<\/div>\n<\/div>\n<\/div>\n\n\n\n<p>Per reflexionar des de les aportacions en mat\u00e8ria de pedagogia, neuroci\u00e8ncia,<br>medicina i psicologia.<br>Ponents: <strong>Paloma Pifarre, David Bueno i Joana Ferrer i Miquel<\/strong><br>&#8211; <strong>Paloma Pifarr\u00e9<\/strong>: Doctora en Medicina, Metgessa integrativa, Formadora en<br>h\u00e0bits de vida saludable, Professora de Fisiologia de la Universitat de Barcelona<br>i mare de 4 fills.<br>&#8211;<strong> David Bueno:<\/strong> Doctor en Biologia, director de la C\u00e0tedra de Neuroeducaci\u00f3 UB-<br>EDU1st i professor i investigador de la Secci\u00f3 de Gen\u00e8tica Biom\u00e8dica, Evolutiva i<br>del Desenvolupament de la Universitat de Barcelona. La seva traject\u00f2ria<br>professional i acad\u00e8mica s&#8217;ha centrat en la gen\u00e8tica del desenvolupament i la<br>neuroci\u00e8ncia i la seva relaci\u00f3 amb els processos d&#8217;aprenentatge. Ha estat<br>tamb\u00e9 investigador a la Universitat d&#8217;Oxford i ha realitzat estades a altres<br>universitats i centres de recerca europeus i estatunidencs. Autor de setanta<br>articles cient\u00edfics i de vint-i-quatre llibres d&#8217;assaig i divulgaci\u00f3.<br>&#8211; <strong>Joana Ferrer<\/strong>: Doctora en Ci\u00e8ncies de l&#8217;educaci\u00f3, Llicenciada en Dret Catedr\u00e0tica<br>ensenyament secundari i professora UAB, m\u00e0ster formaci\u00f3 inicial professorat i<br>m\u00e0ster psicopedagogia. Autora publicacions pedagogia sota el nom de Els<br>matisos en educaci\u00f3, Butllet\u00ed Edu21 Cap de servei d&#8217;orientaci\u00f3 educativa de<br>2010 a 2018 del Departament Educaci\u00f3. Formaci\u00f3 en centres i formadora de<br>formadors.<\/p>\n\n\n\n<p><br>Per la Cloenda del cicle comptarem amb la Directora de la Fundaci\u00f3 Escoles Garb\u00ed, la<br><strong>Sra. Olga Serra<\/strong>, Diplomada en Biblioteconomia i Documentaci\u00f3 per la UB. Va dirigir el<br>Servei de Biblioteques Escolars l\u2019Amic de Paper, participant en l\u2019elaboraci\u00f3 d\u2019informes,<br>articles i estudis, impartint classes i organitzant jornades amb professors de la<br>Universitat de Biblioteconomia i Documentaci\u00f3. Antiga alumna i mare d\u2019antics alumnes<br>de l\u2019Escola Garb\u00ed Pere Verg\u00e9s, dirigeix la Fundaci\u00f3 Escoles Garb\u00ed des del 2002.<\/p>\n\n\n\n<p>Podeu descarregar aqui el <a href=\"https:\/\/afagarbipereverges.com\/wp-content\/uploads\/2023\/02\/CICLE-DE-QUATRE-CONVERSES-FEM-ESCOLA-FEM-FAMILIA-web.pdf\">Document<\/a> complet amb el calendari de xerrades<\/p>\n\n\n\n<p><\/p>\n\n\n\n<p class=\"has-medium-font-size\"><strong>Primera sessi\u00f3. Dia 22 de novembre de 18.15h -19.45h<\/strong><\/p>\n\n\n\n<p><br><strong>ACOMPANYAMENT AFECTIU SALUDABLE DELS NENS I NENES ALS TEMPS ACTUALS<\/strong><br>Ponent: <strong>Paloma Pifarre<\/strong><br>Aquesta xerrada lluny de donar receptes infal\u00b7libles pret\u00e9n fer-nos reflexionar i donar<br>eines senzilles per poder estar al costat dels nostres fills i filles a les diferents etapes<br>del seu desenvolupament, de forma saludable.<br>Actualment hi ha molta informaci\u00f3, modes i teories sobre educaci\u00f3 per\u00f2 mares i pares<br>seguim tenint molts dubtes. Hem de ser m\u00e9s laxes i dialogant o estem sobre protegint<br>als nostres fills i filles? Hi ha una crisi de l\u00edmits i valors o no n\u2019hi ha per tant? Quina \u00e9s la<br>nostra responsabilitat com a fam\u00edlies i quina com a escola? Actuem amb seny o<br>sobrevivim com podem al dia a dia?<\/p>\n\n\n\n<!--more-->\n\n\n\n<hr>\n\n\n\n<p class=\"has-text-align-right\"><strong>02\/11\/2022<\/strong><\/p>\n\n\n\n<p class=\"has-black-color has-text-color has-medium-font-size\"><strong>Apunta&#8217;t<\/strong><\/p>\n\n\n\n<div class=\"wp-block-columns is-layout-flex wp-container-core-columns-is-layout-9d6595d7 wp-block-columns-is-layout-flex\">\n<div class=\"wp-block-column is-layout-flow wp-block-column-is-layout-flow\" style=\"flex-basis:100%\">\n<figure class=\"wp-block-image size-large\"><img loading=\"lazy\" decoding=\"async\" width=\"647\" height=\"1024\" src=\"https:\/\/afagarbipereverges.com\/wp-content\/uploads\/2022\/10\/4nov_Festa-Curs-22-23_AFA_PV-647x1024.jpg\" alt=\"\" class=\"wp-image-83\" srcset=\"https:\/\/afagarbipereverges.com\/wp-content\/uploads\/2022\/10\/4nov_Festa-Curs-22-23_AFA_PV-647x1024.jpg 647w, https:\/\/afagarbipereverges.com\/wp-content\/uploads\/2022\/10\/4nov_Festa-Curs-22-23_AFA_PV-190x300.jpg 190w, https:\/\/afagarbipereverges.com\/wp-content\/uploads\/2022\/10\/4nov_Festa-Curs-22-23_AFA_PV.jpg 696w\" sizes=\"auto, (max-width: 647px) 100vw, 647px\" \/><\/figure>\n<\/div>\n<\/div>\n\n\n\n<div class=\"wp-block-group\"><div class=\"wp-block-group__inner-container is-layout-constrained wp-block-group-is-layout-constrained\">\n<div class=\"wp-block-columns is-layout-flex wp-container-core-columns-is-layout-9d6595d7 wp-block-columns-is-layout-flex\">\n<div class=\"wp-block-column is-layout-flow wp-block-column-is-layout-flow\" style=\"flex-basis:100%\">\n<p><\/p>\n\n\n\n<hr>\n\n\n\n<div class=\"wp-block-columns is-layout-flex wp-container-core-columns-is-layout-9d6595d7 wp-block-columns-is-layout-flex\">\n<div class=\"wp-block-column is-layout-flow wp-block-column-is-layout-flow\" style=\"flex-basis:50%\">\n<p class=\"has-medium-font-size\"><strong>Presentaci\u00f3<\/strong><\/p>\n<\/div>\n\n\n\n<div class=\"wp-block-column is-layout-flow wp-block-column-is-layout-flow\" style=\"flex-basis:50%\">\n<p class=\"has-text-align-right\"><strong>01\/11\/2022<\/strong><\/p>\n<\/div>\n<\/div>\n<\/div>\n<\/div>\n\n\n\n<p>Benvolgudes fam\u00edlies,&nbsp;<\/p>\n\n\n\n<p>A finals del curs escolar 21-22 es va celebrar l\u2019Assemblea de socis de l\u2019AFA a la nostra Escola de Badalona.&nbsp;&nbsp;Amb el suport d\u2019una part important dels socis va sortir escollida la Candidatura Oest.&nbsp;<\/p>\n\n\n\n<p>Amb 4 paraules que identifiquen les sigles de l\u2019esperit de la nostra promoci\u00f3 OEST: Oberta, Estima, Sumar i Transpar\u00e8ncia, us convidem a participar a TOTS!&nbsp;<\/p>\n\n\n\n<p>Actualment estem assolint les funcions pr\u00f2pies de l\u2019Associaci\u00f3 per donar continu\u00eftat als serveis que venia oferint l\u2019AFA, mentre treballem amb molta il\u00b7lusi\u00f3 en la definici\u00f3 de noves fites per aquest curs Curs 2022-23 amb la col\u00b7laboraci\u00f3 de tots vosaltres i l\u2019Escola&nbsp;<\/p>\n\n\n\n<p><strong>BUSTIA DE SUGGERIMENTS .&nbsp;&nbsp;CONTACTE PER ASSOCIAR-VOS&nbsp;<\/strong><\/p>\n\n\n\n<p class=\"has-text-align-center\"><a rel=\"noreferrer noopener\" href=\"mailto:hola@afagarbipereverges.com\" target=\"_blank\">hola@afagarbipereverges.com<\/a>&nbsp;<\/p>\n\n\n\n<p class=\"has-text-align-center has-black-color has-text-color has-medium-font-size\"><a rel=\"noopener\" href=\"https:\/\/afagarbipereverges.com\/wp-content\/uploads\/2022\/09\/Butlleta_adhesio_socis-AFA_Badalona.pdf\" target=\"_blank\">Butlleta d&#8217;adhesi\u00f3<\/a><\/p>\n\n\n\n<hr>\n<\/div><\/div>\n","protected":false},"excerpt":{"rendered":"<p>27\/02\/2023 ASSEMBLEA ORDINARIA SOCIS AFA CURS 22\/23 El dilluns 27 de Febrer a les 16:45 en primera convocat\u00f2ria i 17:00 en segona convocat\u00f2ria,tindr\u00e0 lloc l\u2019AssembleaGeneral&hellip;<\/p>\n","protected":false},"author":1,"featured_media":87,"parent":0,"menu_order":0,"comment_status":"closed","ping_status":"closed","template":"","meta":{"footnotes":""},"class_list":["post-41","page","type-page","status-publish","has-post-thumbnail","hentry"],"_links":{"self":[{"href":"https:\/\/afagarbipereverges.com\/index.php?rest_route=\/wp\/v2\/pages\/41","targetHints":{"allow":["GET"]}}],"collection":[{"href":"https:\/\/afagarbipereverges.com\/index.php?rest_route=\/wp\/v2\/pages"}],"about":[{"href":"https:\/\/afagarbipereverges.com\/index.php?rest_route=\/wp\/v2\/types\/page"}],"author":[{"embeddable":true,"href":"https:\/\/afagarbipereverges.com\/index.php?rest_route=\/wp\/v2\/users\/1"}],"replies":[{"embeddable":true,"href":"https:\/\/afagarbipereverges.com\/index.php?rest_route=%2Fwp%2Fv2%2Fcomments&post=41"}],"version-history":[{"count":23,"href":"https:\/\/afagarbipereverges.com\/index.php?rest_route=\/wp\/v2\/pages\/41\/revisions"}],"predecessor-version":[{"id":155,"href":"https:\/\/afagarbipereverges.com\/index.php?rest_route=\/wp\/v2\/pages\/41\/revisions\/155"}],"wp:featuredmedia":[{"embeddable":true,"href":"https:\/\/afagarbipereverges.com\/index.php?rest_route=\/wp\/v2\/media\/87"}],"wp:attachment":[{"href":"https:\/\/afagarbipereverges.com\/index.php?rest_route=%2Fwp%2Fv2%2Fmedia&parent=41"}],"curies":[{"name":"wp","href":"https:\/\/api.w.org\/{rel}","templated":true}]}}